{"id":31,"date":"2012-10-16T21:42:35","date_gmt":"2012-10-16T19:42:35","guid":{"rendered":"http:\/\/www.seilverhau.de\/?page_id=31"},"modified":"2020-01-26T13:44:35","modified_gmt":"2020-01-26T11:44:35","slug":"skihoch-und-eistouren","status":"publish","type":"page","link":"https:\/\/www.seilverhau.de\/?page_id=31","title":{"rendered":"(ski)hoch- und eistouren"},"content":{"rendered":"\n\n<table id=\"tablepress-46\" class=\"tablepress tablepress-id-46\">\n<thead>\n<tr class=\"row-1\">\n\t<th class=\"column-1\">Datum<\/th><th class=\"column-2\">Gebiet<\/th><th class=\"column-3\">Ziel(e)<\/th><th class=\"column-4\">Gipfelh\u00f6he (m)<\/th><th class=\"column-5\">Schw.keit<\/th><th class=\"column-6\">Kommentar<\/th>\n<\/tr>\n<\/thead>\n<tbody class=\"row-striping row-hover\">\n<tr class=\"row-2\">\n\t<td class=\"column-1\">19.07.2025<\/td><td class=\"column-2\">Stubaier Alpen, Gries im Sulztal<\/td><td class=\"column-3\"><a href=\"https:\/\/photos.app.goo.gl\/BC97FzasYVzCGZxd9\" target=\"_blank\" rel=\"noopener noreferrer\">Schrankogel<\/a><\/td><td class=\"column-4\">3496<\/td><td class=\"column-5\">PD-<\/td><td class=\"column-6\">von der Amberger H\u00fctte<\/td>\n<\/tr>\n<tr class=\"row-3\">\n\t<td class=\"column-1\">25.09.2021<\/td><td class=\"column-2\">Goldberggruppe, Sportgastein<\/td><td class=\"column-3\"><a href=\"https:\/\/photos.app.goo.gl\/hZcuJ5dRqauUhdxD8\" target=\"_blank\" rel=\"noopener noreferrer\">Schareck<\/a><\/td><td class=\"column-4\">3122<\/td><td class=\"column-5\">F<\/td><td class=\"column-6\">Grat\u00fcberschreitung: Aufstieg \u00fcber Ostgrat, Abstieg \u00fcber Herzog-Ernst-Spitze, Neunerkogel und Niedersachsenhaus <\/td>\n<\/tr>\n<tr class=\"row-4\">\n\t<td class=\"column-1\">24.07.2021<\/td><td class=\"column-2\">Zillertaler Alpen, Ginzling\/ Breitlahner<\/td><td class=\"column-3\"><a href=\"http:\/\/www.vogelhansi.de\/?url=2021\/2021_07_24_berlinerspitze\/\" target=\"_blank\" rel=\"noopener noreferrer\">Berliner Spitze<\/a><\/td><td class=\"column-4\">3254<\/td><td class=\"column-5\">PD- u. II<\/td><td class=\"column-6\">Normalweg von der Berliner H\u00fctte<\/td>\n<\/tr>\n<tr class=\"row-5\">\n\t<td class=\"column-1\">29.07.2020<\/td><td class=\"column-2\">Zillertaler Alpen, Ginzling\/ Schlegeisspeicher<\/td><td class=\"column-3\"><a href=\"http:\/\/www.vogelhansi.de\/?url=2020\/2020_07_26_zillertaler&amp;title=HT%2026.7.%20Schwarzenstein%20(3370),%20Sch%C3%B6nbichler%20Horn%20(3134),%20gro%C3%9Fer%20M%C3%B6seler%20(3478)\" target=\"_blank\" rel=\"noopener noreferrer\">Gro\u00dfer M\u00f6seler<\/a><\/td><td class=\"column-4\">3479<\/td><td class=\"column-5\">PD+ u. II<\/td><td class=\"column-6\">Normalweg vom Furtschaglhaus<\/td>\n<\/tr>\n<tr class=\"row-6\">\n\t<td class=\"column-1\">27.07.2020<\/td><td class=\"column-2\">Zillertaler Alpen, Ginzling\/ Breitlahner<\/td><td class=\"column-3\"><a href=\"http:\/\/www.vogelhansi.de\/?url=2020\/2020_07_26_zillertaler&amp;title=HT%2026.7.%20Schwarzenstein%20(3370),%20Sch%C3%B6nbichler%20Horn%20(3134),%20gro%C3%9Fer%20M%C3%B6seler%20(3478)\" target=\"_blank\" rel=\"noopener noreferrer\">Schwarzenstein<\/a><\/td><td class=\"column-4\">3368<\/td><td class=\"column-5\">F<\/td><td class=\"column-6\">von der Berliner H\u00fctte; mit 1300hm und 14km L\u00e4nge kommen ein paar Stunden zusammen<\/td>\n<\/tr>\n<tr class=\"row-7\">\n\t<td class=\"column-1\">28.01.2017<\/td><td class=\"column-2\">Ammergauer Alpen, Ettal<\/td><td class=\"column-3\"><a href=\"http:\/\/www.seilverhau.de\/alben\/ypsilon17\/\" target=\"_blank\" rel=\"noopener noreferrer\">Notkarspitze, Linkes Ypsilon<\/a><\/td><td class=\"column-4\">1889<\/td><td class=\"column-5\">WI 3-4<\/td><td class=\"column-6\">ca. 300m L\u00e4nge<\/td>\n<\/tr>\n<tr class=\"row-8\">\n\t<td class=\"column-1\">11.08.2013<\/td><td class=\"column-2\">\u00d6tztaler Alpen, Obergurgl<\/td><td class=\"column-3\"><a href=\"http:\/\/www.seilverhau.de\/alben\/spiegelkogel13\/\" target=\"_blank\" rel=\"noopener noreferrer\">Hinterer Spiegelkogel<\/a><\/td><td class=\"column-4\">3426<\/td><td class=\"column-5\">PD- u. II<\/td><td class=\"column-6\">\u00dcberschreitung von Nordost nach S\u00fcdost<\/td>\n<\/tr>\n<tr class=\"row-9\">\n\t<td class=\"column-1\">10.08.2013<\/td><td class=\"column-2\">\u00d6tztaler Alpen, Obergurgl<\/td><td class=\"column-3\"><a href=\"http:\/\/www.seilverhau.de\/alben\/ramolkogel13\/\" target=\"_blank\" rel=\"noopener noreferrer\">Mittlerer Ramolkogel, N\u00f6rdlicher Ramolkogel\/ Anichspitze<\/a><\/td><td class=\"column-4\">3518<\/td><td class=\"column-5\">PD- u. II<\/td><td class=\"column-6\">Mittl. Ramolkogel: \u00fcber Nordostgrat; Abbruch am Verbindungsgrat zum Gr. Ramolkogel<\/td>\n<\/tr>\n<tr class=\"row-10\">\n\t<td class=\"column-1\">04.02.2012<\/td><td class=\"column-2\">Ammergauer Alpen, Ettal<\/td><td class=\"column-3\"><a href=\"http:\/\/www.seilverhau.de\/alben\/benifall12\/\" target=\"_blank\" rel=\"noopener noreferrer\">Notkarspitze, rechter Benifall<\/a><\/td><td class=\"column-4\">1889<\/td><td class=\"column-5\">WI 4<\/td><td class=\"column-6\">ca. 200m L\u00e4nge<\/td>\n<\/tr>\n<tr class=\"row-11\">\n\t<td class=\"column-1\">09.07.2011<\/td><td class=\"column-2\">\u00d6tztaler Alpen\/ Kaunertal, Feichten<\/td><td class=\"column-3\"><a href=\"http:\/\/www.seilverhau.de\/alben\/weisseespitz11\/\" target=\"_blank\" rel=\"noopener noreferrer\">Wei\u00dfseespitze, Nordwand<\/a><\/td><td class=\"column-4\">3518<\/td><td class=\"column-5\">AD- u. 50\u00b0<\/td><td class=\"column-6\"><a href=\"http:\/\/www.seilverhau.de\/extras\/2011-07 weisseespitze.wmv\" target=\"_blank\" rel=\"noopener noreferrer\">Abstieg \u00fcber Westgrat. Mit kurzem Kameraschwenk in der oberen Flanke (12MB).<\/a><\/td>\n<\/tr>\n<tr class=\"row-12\">\n\t<td class=\"column-1\">15.01.2010<\/td><td class=\"column-2\">Bayerische Voralpen, Achenpass<\/td><td class=\"column-3\"><a href=\"http:\/\/www.seilverhau.de\/alben\/bayerwaldeis10\/\" target=\"_blank\" rel=\"noopener noreferrer\">Bayerwald- und Glash\u00fctte-Eisfall<\/a><\/td><td class=\"column-4\">900<\/td><td class=\"column-5\">WI 3 (5 u. 3 SL)<\/td><td class=\"column-6\">Zwei leichte Eistouren<\/td>\n<\/tr>\n<tr class=\"row-13\">\n\t<td class=\"column-1\">25.04.2009<\/td><td class=\"column-2\">Silvretta\/ Montafon, Partenen<\/td><td class=\"column-3\"><a href=\"http:\/\/www.seilverhau.de\/alben\/buin09\/\" target=\"_blank\" rel=\"noopener noreferrer\">Gro\u00dfer Piz Buin, direkt von der Bielerh\u00f6he aus<\/a><\/td><td class=\"column-4\">3312<\/td><td class=\"column-5\">PD u. II<\/td><td class=\"column-6\">Skitour. Entgegen der Planung, noch am Anreisetag: M\u00fcnchen \u0096 Bregenz \u0096 Partenen \u0096 Gipfel -Wiesbadener H\u00fctte. Ersatzprogramm am 2. Tag: Klettersteige ViaKapf und Via Kessi.<\/td>\n<\/tr>\n<tr class=\"row-14\">\n\t<td class=\"column-1\">06.01.2009<\/td><td class=\"column-2\">Bayerische Voralpen\/ Isartal, Fleck bei Lenggries<\/td><td class=\"column-3\"><a href=\"http:\/\/www.seilverhau.de\/alben\/schergen09\/\" target=\"_blank\" rel=\"noopener noreferrer\">Linker Schergenwieser Eisfall<\/a><\/td><td class=\"column-4\">1100<\/td><td class=\"column-5\">WI 3 (10 SL)<\/td><td class=\"column-6\">Heute auch mal fast ohne Eis.<\/td>\n<\/tr>\n<tr class=\"row-15\">\n\t<td class=\"column-1\">01.08.2008<\/td><td class=\"column-2\">Bernina, Pontresina<\/td><td class=\"column-3\"><a href=\"http:\/\/www.vogelhansi.de\/?url=2008\/piz_roseg_aug08\/\" target=\"_blank\" rel=\"noopener noreferrer\">Piz Roseg \u00fcber den Eselsgrat, abgebrochen auf ca. 3500m<\/a><\/td><td class=\"column-4\">3937<\/td><td class=\"column-5\">AD- u. III<\/td><td class=\"column-6\">St\u00fctzpunkt: Tschiervah\u00fctte<\/td>\n<\/tr>\n<tr class=\"row-16\">\n\t<td class=\"column-1\">10.02.2008<\/td><td class=\"column-2\">S\u00fcdtirol\/ Vinschgau, Schlinig<\/td><td class=\"column-3\"><a href=\"http:\/\/bergzauber.bernhardender.at\/Sesvenna2008\" target=\"_blank\" rel=\"noopener noreferrer\">Piz Sesvenna, Tagestour von Schlinig aus<\/a><\/td><td class=\"column-4\">3204<\/td><td class=\"column-5\">F+ u. I<\/td><td class=\"column-6\">2. Tag im Vinschgau.<\/td>\n<\/tr>\n<tr class=\"row-17\">\n\t<td class=\"column-1\">04.08.2007<\/td><td class=\"column-2\">\u00d6tztaler Alpen\/ Schnalstal, Kurzras<\/td><td class=\"column-3\"><a href=\"http:\/\/www.seilverhau.de\/alben\/oetztaler07b\/index.htm\" target=\"_blank\" rel=\"noopener noreferrer\">Saldurspitze, Nordgrat - Abstieg nach Kurzras<\/a><\/td><td class=\"column-4\">3433<\/td><td class=\"column-5\">PD u. II<\/td><td class=\"column-6\"><\/td>\n<\/tr>\n<tr class=\"row-18\">\n\t<td class=\"column-1\">02.08.2007<\/td><td class=\"column-2\">\u00d6tztaler Alpen\/ Schnalstal, Kurzras<\/td><td class=\"column-3\"><a href=\"http:\/\/www.seilverhau.de\/alben\/oetztaler07a\/\" target=\"_blank\" rel=\"noopener noreferrer\">Aufstieg von Kurzras zur Bella Vista - Wei\u00dfkugel \u00fcber Normalweg, abgebrochen bei 3460m<\/a><\/td><td class=\"column-4\">3739<\/td><td class=\"column-5\">AD- u. II<\/td><td class=\"column-6\">Im Hintereisjoch bei Schneetreiben abgebrochen.<\/td>\n<\/tr>\n<tr class=\"row-19\">\n\t<td class=\"column-1\">13.07.2007<\/td><td class=\"column-2\">Ortler Gruppe, Sulden<\/td><td class=\"column-3\"><a href=\"http:\/\/www.seilverhau.de\/alben\/ortler07\/\" target=\"_blank\" rel=\"noopener noreferrer\">Ortler \u00fcber Normalweg<\/a><\/td><td class=\"column-4\">3905<\/td><td class=\"column-5\">PD+ u. II<\/td><td class=\"column-6\"><\/td>\n<\/tr>\n<tr class=\"row-20\">\n\t<td class=\"column-1\">11.09.2006<\/td><td class=\"column-2\">\u00d6tztaler Alpen, Vent<\/td><td class=\"column-3\"><a href=\"http:\/\/www.seilverhau.de\/alben\/oetzi06-finail\/index.htm\" target=\"_blank\" rel=\"noopener noreferrer\">Finailspitze<\/a><\/td><td class=\"column-4\">3514<\/td><td class=\"column-5\">PD u. I<\/td><td class=\"column-6\">3. Tag: Similaunh\u00fctte \u0096 Finailspitze \u0096 Vent<\/td>\n<\/tr>\n<tr class=\"row-21\">\n\t<td class=\"column-1\">10.09.2006<\/td><td class=\"column-2\">\u00d6tztaler Alpen, Vent<\/td><td class=\"column-3\"><a href=\"http:\/\/www.seilverhau.de\/alben\/oetzi06-similaun\/index.htm\" target=\"_blank\" rel=\"noopener noreferrer\">Similaun<\/a><\/td><td class=\"column-4\">3606<\/td><td class=\"column-5\">PD-<\/td><td class=\"column-6\">2. Tag: Martin-Busch-H\u00fctte \u0096 Similaun \u0096 Similaunh\u00fctte<\/td>\n<\/tr>\n<tr class=\"row-22\">\n\t<td class=\"column-1\">09.09.2006<\/td><td class=\"column-2\">\u00d6tztaler Alpen, Vent<\/td><td class=\"column-3\"><a href=\"http:\/\/www.seilverhau.de\/alben\/oetzi06-kreuzspitze\/index.htm\" target=\"_blank\" rel=\"noopener noreferrer\">Kreuzspitze<\/a><\/td><td class=\"column-4\">3457<\/td><td class=\"column-5\"><\/td><td class=\"column-6\">1. Tag: Vent \u0096 Kreuzspitze \u0096 Martin-Busch-H\u00fctte<\/td>\n<\/tr>\n<tr class=\"row-23\">\n\t<td class=\"column-1\">20.07.2006<\/td><td class=\"column-2\">Zillertaler Alpen, Schlegeisspeicher<\/td><td class=\"column-3\"><a href=\"http:\/\/www.seilverhau.de\/alben\/olperer06\/index.htm\" target=\"_blank\" rel=\"noopener noreferrer\">Olperer \u00fcber den Riepengrat<\/a><\/td><td class=\"column-4\">3476<\/td><td class=\"column-5\">PD u. II<\/td><td class=\"column-6\"><\/td>\n<\/tr>\n<tr class=\"row-24\">\n\t<td class=\"column-1\">01.05.2006<\/td><td class=\"column-2\">Bernina, Pontresina<\/td><td class=\"column-3\"><a href=\"http:\/\/www.seilverhau.de\/alben\/piz-palue06\/index.htm\" target=\"_blank\" rel=\"noopener noreferrer\">Piz Pal\u00fc von der Diavolezza<\/a><\/td><td class=\"column-4\">3901<\/td><td class=\"column-5\">PD+<\/td><td class=\"column-6\">Skitour. 2. Tag.<\/td>\n<\/tr>\n<tr class=\"row-25\">\n\t<td class=\"column-1\">30.04.2006<\/td><td class=\"column-2\">Bernina, Pontresina<\/td><td class=\"column-3\"><a href=\"http:\/\/www.seilverhau.de\/alben\/sassal-mason06\/index.htm\" target=\"_blank\" rel=\"noopener noreferrer\">Sassal Mason vom Bernina-Pass<\/a><\/td><td class=\"column-4\">3031<\/td><td class=\"column-5\">F u. II<\/td><td class=\"column-6\">Skitour. 1. Tag. Eingehtour f\u00fcr den Folgetag.<\/td>\n<\/tr>\n<tr class=\"row-26\">\n\t<td class=\"column-1\">10.05.2005<\/td><td class=\"column-2\">Wallis, Saas Fee<\/td><td class=\"column-3\"><a href=\"http:\/\/www.seilverhau.de\/alben\/wallis05-4\/index.htm\" target=\"_blank\" rel=\"noopener noreferrer\">Strahlhorn<\/a><\/td><td class=\"column-4\">4190<\/td><td class=\"column-5\">PD<\/td><td class=\"column-6\">Skitour. 4. Tag. Von der Britanniah\u00fctte.<\/td>\n<\/tr>\n<tr class=\"row-27\">\n\t<td class=\"column-1\">08.05.2005<\/td><td class=\"column-2\">Wallis, Saas Fee<\/td><td class=\"column-3\"><a href=\"http:\/\/www.seilverhau.de\/alben\/wallis05-2\/index.htm\" target=\"_blank\" rel=\"noopener noreferrer\">Allalinhorn<\/a><\/td><td class=\"column-4\">4027<\/td><td class=\"column-5\">F<\/td><td class=\"column-6\">Skitour. 2. Tag. Von der Britanniah\u00fctte. (3. Tag: krank im Bett)<\/td>\n<\/tr>\n<tr class=\"row-28\">\n\t<td class=\"column-1\">07.05.2005<\/td><td class=\"column-2\">Wallis, Saas Fee<\/td><td class=\"column-3\"><a href=\"http:\/\/www.seilverhau.de\/alben\/wallis05-1\/index.htm\" target=\"_blank\" rel=\"noopener noreferrer\">Britanniah\u00fctte<\/a><\/td><td class=\"column-4\">3030<\/td><td class=\"column-5\"><\/td><td class=\"column-6\">Skitour. 1. Tag: H\u00fcttenzustieg<\/td>\n<\/tr>\n<tr class=\"row-29\">\n\t<td class=\"column-1\">17.04.2005<\/td><td class=\"column-2\">Stubaier Alpen, Neustift\/ Oberiss<\/td><td class=\"column-3\"><a href=\"http:\/\/www.seilverhau.de\/alben\/stubai05-4\/index.htm\" target=\"_blank\" rel=\"noopener noreferrer\">Franz-Senn-H\u00fctte - Geschwezgrat - Oberiss<\/a><\/td><td class=\"column-4\">2450<\/td><td class=\"column-5\"><\/td><td class=\"column-6\">Skitour. 5. Tag. Schulung und Abfahrt nach Oberiss<\/td>\n<\/tr>\n<tr class=\"row-30\">\n\t<td class=\"column-1\">16.04.2005<\/td><td class=\"column-2\">Stubaier Alpen, Neustift\/ Oberiss<\/td><td class=\"column-3\"><a href=\"http:\/\/www.seilverhau.de\/alben\/stubai05-3\/index.htm\" target=\"_blank\" rel=\"noopener noreferrer\">Sommerwand-Ferner<\/a><\/td><td class=\"column-4\">2900<\/td><td class=\"column-5\"><\/td><td class=\"column-6\">Skitour. 4. Tag. Spaltenbergung<\/td>\n<\/tr>\n<tr class=\"row-31\">\n\t<td class=\"column-1\">15.04.2005<\/td><td class=\"column-2\">Stubaier Alpen, Neustift\/ Oberiss<\/td><td class=\"column-3\"><a href=\"http:\/\/www.seilverhau.de\/alben\/stubai05-2\/index.htm\" target=\"_blank\" rel=\"noopener noreferrer\">\u00d6stliche Seespitze<\/a><\/td><td class=\"column-4\">3416<\/td><td class=\"column-5\">AD-<\/td><td class=\"column-6\">Skitour. 3. Tag. Von der Franz-Senn-H\u00fctte.<\/td>\n<\/tr>\n<tr class=\"row-32\">\n\t<td class=\"column-1\">14.04.2005<\/td><td class=\"column-2\">Stubaier Alpen, Neustift\/ Oberiss<\/td><td class=\"column-3\"><a href=\"http:\/\/www.seilverhau.de\/alben\/stubai05-1\/index.htm\" target=\"_blank\" rel=\"noopener noreferrer\">\u00d6stliche Knotenspitze<\/a><\/td><td class=\"column-4\">3082<\/td><td class=\"column-5\">AD- u. I<\/td><td class=\"column-6\">Skitour: 2. Tag, DAV-Kurs. Von der Franz-Senn-H\u00fctte. (1. Tag: H\u00fcttenzustieg.)<\/td>\n<\/tr>\n<tr class=\"row-33\">\n\t<td class=\"column-1\">06.08.2004<\/td><td class=\"column-2\">Stubaier Alpen, Ranalt<\/td><td class=\"column-3\"><a href=\"http:\/\/www.seilverhau.de\/alben\/hochstubai04\/index.htm\" target=\"_blank\" rel=\"noopener noreferrer\">Wilder Freiger - Wilder Pfaff - Zuckerh\u00fctl<\/a><\/td><td class=\"column-4\">3505<\/td><td class=\"column-5\">PD u. II<\/td><td class=\"column-6\">Mit \u00dcbernachtung im beeindruckenden Becherhaus.<\/td>\n<\/tr>\n<\/tbody>\n<\/table>\n<!-- #tablepress-46 from cache -->\n","protected":false},"excerpt":{"rendered":"","protected":false},"author":1,"featured_media":0,"parent":0,"menu_order":2,"comment_status":"closed","ping_status":"closed","template":"","meta":{"footnotes":""},"class_list":["post-31","page","type-page","status-publish","hentry"],"_links":{"self":[{"href":"https:\/\/www.seilverhau.de\/index.php?rest_route=\/wp\/v2\/pages\/31","targetHints":{"allow":["GET"]}}],"collection":[{"href":"https:\/\/www.seilverhau.de\/index.php?rest_route=\/wp\/v2\/pages"}],"about":[{"href":"https:\/\/www.seilverhau.de\/index.php?rest_route=\/wp\/v2\/types\/page"}],"author":[{"embeddable":true,"href":"https:\/\/www.seilverhau.de\/index.php?rest_route=\/wp\/v2\/users\/1"}],"replies":[{"embeddable":true,"href":"https:\/\/www.seilverhau.de\/index.php?rest_route=%2Fwp%2Fv2%2Fcomments&post=31"}],"version-history":[{"count":10,"href":"https:\/\/www.seilverhau.de\/index.php?rest_route=\/wp\/v2\/pages\/31\/revisions"}],"predecessor-version":[{"id":846,"href":"https:\/\/www.seilverhau.de\/index.php?rest_route=\/wp\/v2\/pages\/31\/revisions\/846"}],"wp:attachment":[{"href":"https:\/\/www.seilverhau.de\/index.php?rest_route=%2Fwp%2Fv2%2Fmedia&parent=31"}],"curies":[{"name":"wp","href":"https:\/\/api.w.org\/{rel}","templated":true}]}}